{"id":4115,"date":"2018-03-22T13:07:33","date_gmt":"2018-03-22T12:07:33","guid":{"rendered":"https:\/\/artefuneraria.ch\/cerimonie-personalizzate\/trasferimento-salma-oltre-confine\/"},"modified":"2023-01-16T15:13:11","modified_gmt":"2023-01-16T14:13:11","slug":"ueberfuehrung-der-leiche-ueber-die-grenze","status":"publish","type":"page","link":"https:\/\/artefuneraria.ch\/de\/individuelle-zeremonien\/ueberfuehrung-der-leiche-ueber-die-grenze\/","title":{"rendered":"\u00dcberf\u00fchrung der Leiche \u00fcber die Grenze"},"content":{"rendered":"","protected":false},"excerpt":{"rendered":"","protected":false},"author":1,"featured_media":0,"parent":4108,"menu_order":4,"comment_status":"closed","ping_status":"closed","template":"","meta":{"footnotes":""},"class_list":["post-4115","page","type-page","status-publish","hentry"],"yoast_head":"<!-- This site is optimized with the Yoast SEO plugin v27.4 - https:\/\/yoast.com\/product\/yoast-seo-wordpress\/ -->\n<title>\u00dcberf\u00fchrung der Leiche \u00fcber die Grenze - Arte Funeraria Locarno<\/title>\n<meta name=\"description\" content=\"Il Gruppo Delmenico, grazie al supporto di partner affidabili e all&#039;ottima preparazione nella gestione degli aspetti burocratici legati a decessi avvenuti all&#039;estero, \u00e8 in grado assistervi nel rimpatrio o nell&#039;espatrio della salma, occupandosi della documentazione e rispondendo ad ogni necessit\u00e0.\" \/>\n<meta name=\"robots\" content=\"index, follow, max-snippet:-1, max-image-preview:large, max-video-preview:-1\" \/>\n<link rel=\"canonical\" href=\"https:\/\/artefuneraria.ch\/de\/individuelle-zeremonien\/ueberfuehrung-der-leiche-ueber-die-grenze\/\" \/>\n<meta property=\"og:locale\" content=\"de_DE\" \/>\n<meta property=\"og:type\" content=\"article\" \/>\n<meta property=\"og:title\" content=\"\u00dcberf\u00fchrung der Leiche \u00fcber die Grenze - Arte Funeraria Locarno\" \/>\n<meta property=\"og:description\" content=\"Il Gruppo Delmenico, grazie al supporto di partner affidabili e all&#039;ottima preparazione nella gestione degli aspetti burocratici legati a decessi avvenuti all&#039;estero, \u00e8 in grado assistervi nel rimpatrio o nell&#039;espatrio della salma, occupandosi della documentazione e rispondendo ad ogni necessit\u00e0.\" \/>\n<meta property=\"og:url\" content=\"https:\/\/artefuneraria.ch\/de\/individuelle-zeremonien\/ueberfuehrung-der-leiche-ueber-die-grenze\/\" \/>\n<meta property=\"og:site_name\" content=\"Arte Funeraria Locarno\" \/>\n<meta property=\"article:modified_time\" content=\"2023-01-16T14:13:11+00:00\" \/>\n<meta name=\"twitter:card\" content=\"summary_large_image\" \/>\n<script type=\"application\/ld+json\" class=\"yoast-schema-graph\">{\"@context\":\"https:\\\/\\\/schema.org\",\"@graph\":[{\"@type\":\"WebPage\",\"@id\":\"https:\\\/\\\/artefuneraria.ch\\\/de\\\/individuelle-zeremonien\\\/ueberfuehrung-der-leiche-ueber-die-grenze\\\/\",\"url\":\"https:\\\/\\\/artefuneraria.ch\\\/de\\\/individuelle-zeremonien\\\/ueberfuehrung-der-leiche-ueber-die-grenze\\\/\",\"name\":\"\u00dcberf\u00fchrung der Leiche \u00fcber die Grenze - Arte Funeraria Locarno\",\"isPartOf\":{\"@id\":\"https:\\\/\\\/artefuneraria.ch\\\/#website\"},\"datePublished\":\"2018-03-22T12:07:33+00:00\",\"dateModified\":\"2023-01-16T14:13:11+00:00\",\"description\":\"Il Gruppo Delmenico, grazie al supporto di partner affidabili e all'ottima preparazione nella gestione degli aspetti burocratici legati a decessi avvenuti all'estero, \u00e8 in grado assistervi nel rimpatrio o nell'espatrio della salma, occupandosi della documentazione e rispondendo ad ogni necessit\u00e0.\",\"breadcrumb\":{\"@id\":\"https:\\\/\\\/artefuneraria.ch\\\/de\\\/individuelle-zeremonien\\\/ueberfuehrung-der-leiche-ueber-die-grenze\\\/#breadcrumb\"},\"inLanguage\":\"de-DE\",\"potentialAction\":[{\"@type\":\"ReadAction\",\"target\":[\"https:\\\/\\\/artefuneraria.ch\\\/de\\\/individuelle-zeremonien\\\/ueberfuehrung-der-leiche-ueber-die-grenze\\\/\"]}]},{\"@type\":\"BreadcrumbList\",\"@id\":\"https:\\\/\\\/artefuneraria.ch\\\/de\\\/individuelle-zeremonien\\\/ueberfuehrung-der-leiche-ueber-die-grenze\\\/#breadcrumb\",\"itemListElement\":[{\"@type\":\"ListItem\",\"position\":1,\"name\":\"Home\",\"item\":\"https:\\\/\\\/artefuneraria.ch\\\/de\\\/\"},{\"@type\":\"ListItem\",\"position\":2,\"name\":\"Individuelle Zeremonien\",\"item\":\"https:\\\/\\\/artefuneraria.ch\\\/de\\\/individuelle-zeremonien\\\/\"},{\"@type\":\"ListItem\",\"position\":3,\"name\":\"\u00dcberf\u00fchrung der Leiche \u00fcber die Grenze\"}]},{\"@type\":\"WebSite\",\"@id\":\"https:\\\/\\\/artefuneraria.ch\\\/#website\",\"url\":\"https:\\\/\\\/artefuneraria.ch\\\/\",\"name\":\"Centro Funerario di Lugano\",\"description\":\"\",\"publisher\":{\"@id\":\"https:\\\/\\\/artefuneraria.ch\\\/#organization\"},\"potentialAction\":[{\"@type\":\"SearchAction\",\"target\":{\"@type\":\"EntryPoint\",\"urlTemplate\":\"https:\\\/\\\/artefuneraria.ch\\\/?s={search_term_string}\"},\"query-input\":{\"@type\":\"PropertyValueSpecification\",\"valueRequired\":true,\"valueName\":\"search_term_string\"}}],\"inLanguage\":\"de-DE\"},{\"@type\":\"Organization\",\"@id\":\"https:\\\/\\\/artefuneraria.ch\\\/#organization\",\"name\":\"Centro Funerario di Lugano\",\"url\":\"https:\\\/\\\/artefuneraria.ch\\\/\",\"logo\":{\"@type\":\"ImageObject\",\"inLanguage\":\"de-DE\",\"@id\":\"https:\\\/\\\/artefuneraria.ch\\\/#\\\/schema\\\/logo\\\/image\\\/\",\"url\":\"https:\\\/\\\/www.cfl.ch\\\/sito\\\/wp-content\\\/uploads\\\/2018\\\/01\\\/logo_cfl.png\",\"contentUrl\":\"https:\\\/\\\/www.cfl.ch\\\/sito\\\/wp-content\\\/uploads\\\/2018\\\/01\\\/logo_cfl.png\",\"width\":400,\"height\":50,\"caption\":\"Centro Funerario di Lugano\"},\"image\":{\"@id\":\"https:\\\/\\\/artefuneraria.ch\\\/#\\\/schema\\\/logo\\\/image\\\/\"}}]}<\/script>\n<!-- \/ Yoast SEO plugin. -->","yoast_head_json":{"title":"\u00dcberf\u00fchrung der Leiche \u00fcber die Grenze - Arte Funeraria Locarno","description":"Il Gruppo Delmenico, grazie al supporto di partner affidabili e all'ottima preparazione nella gestione degli aspetti burocratici legati a decessi avvenuti all'estero, \u00e8 in grado assistervi nel rimpatrio o nell'espatrio della salma, occupandosi della documentazione e rispondendo ad ogni necessit\u00e0.","robots":{"index":"index","follow":"follow","max-snippet":"max-snippet:-1","max-image-preview":"max-image-preview:large","max-video-preview":"max-video-preview:-1"},"canonical":"https:\/\/artefuneraria.ch\/de\/individuelle-zeremonien\/ueberfuehrung-der-leiche-ueber-die-grenze\/","og_locale":"de_DE","og_type":"article","og_title":"\u00dcberf\u00fchrung der Leiche \u00fcber die Grenze - Arte Funeraria Locarno","og_description":"Il Gruppo Delmenico, grazie al supporto di partner affidabili e all'ottima preparazione nella gestione degli aspetti burocratici legati a decessi avvenuti all'estero, \u00e8 in grado assistervi nel rimpatrio o nell'espatrio della salma, occupandosi della documentazione e rispondendo ad ogni necessit\u00e0.","og_url":"https:\/\/artefuneraria.ch\/de\/individuelle-zeremonien\/ueberfuehrung-der-leiche-ueber-die-grenze\/","og_site_name":"Arte Funeraria Locarno","article_modified_time":"2023-01-16T14:13:11+00:00","twitter_card":"summary_large_image","schema":{"@context":"https:\/\/schema.org","@graph":[{"@type":"WebPage","@id":"https:\/\/artefuneraria.ch\/de\/individuelle-zeremonien\/ueberfuehrung-der-leiche-ueber-die-grenze\/","url":"https:\/\/artefuneraria.ch\/de\/individuelle-zeremonien\/ueberfuehrung-der-leiche-ueber-die-grenze\/","name":"\u00dcberf\u00fchrung der Leiche \u00fcber die Grenze - Arte Funeraria Locarno","isPartOf":{"@id":"https:\/\/artefuneraria.ch\/#website"},"datePublished":"2018-03-22T12:07:33+00:00","dateModified":"2023-01-16T14:13:11+00:00","description":"Il Gruppo Delmenico, grazie al supporto di partner affidabili e all'ottima preparazione nella gestione degli aspetti burocratici legati a decessi avvenuti all'estero, \u00e8 in grado assistervi nel rimpatrio o nell'espatrio della salma, occupandosi della documentazione e rispondendo ad ogni necessit\u00e0.","breadcrumb":{"@id":"https:\/\/artefuneraria.ch\/de\/individuelle-zeremonien\/ueberfuehrung-der-leiche-ueber-die-grenze\/#breadcrumb"},"inLanguage":"de-DE","potentialAction":[{"@type":"ReadAction","target":["https:\/\/artefuneraria.ch\/de\/individuelle-zeremonien\/ueberfuehrung-der-leiche-ueber-die-grenze\/"]}]},{"@type":"BreadcrumbList","@id":"https:\/\/artefuneraria.ch\/de\/individuelle-zeremonien\/ueberfuehrung-der-leiche-ueber-die-grenze\/#breadcrumb","itemListElement":[{"@type":"ListItem","position":1,"name":"Home","item":"https:\/\/artefuneraria.ch\/de\/"},{"@type":"ListItem","position":2,"name":"Individuelle Zeremonien","item":"https:\/\/artefuneraria.ch\/de\/individuelle-zeremonien\/"},{"@type":"ListItem","position":3,"name":"\u00dcberf\u00fchrung der Leiche \u00fcber die Grenze"}]},{"@type":"WebSite","@id":"https:\/\/artefuneraria.ch\/#website","url":"https:\/\/artefuneraria.ch\/","name":"Centro Funerario di Lugano","description":"","publisher":{"@id":"https:\/\/artefuneraria.ch\/#organization"},"potentialAction":[{"@type":"SearchAction","target":{"@type":"EntryPoint","urlTemplate":"https:\/\/artefuneraria.ch\/?s={search_term_string}"},"query-input":{"@type":"PropertyValueSpecification","valueRequired":true,"valueName":"search_term_string"}}],"inLanguage":"de-DE"},{"@type":"Organization","@id":"https:\/\/artefuneraria.ch\/#organization","name":"Centro Funerario di Lugano","url":"https:\/\/artefuneraria.ch\/","logo":{"@type":"ImageObject","inLanguage":"de-DE","@id":"https:\/\/artefuneraria.ch\/#\/schema\/logo\/image\/","url":"https:\/\/www.cfl.ch\/sito\/wp-content\/uploads\/2018\/01\/logo_cfl.png","contentUrl":"https:\/\/www.cfl.ch\/sito\/wp-content\/uploads\/2018\/01\/logo_cfl.png","width":400,"height":50,"caption":"Centro Funerario di Lugano"},"image":{"@id":"https:\/\/artefuneraria.ch\/#\/schema\/logo\/image\/"}}]}},"_links":{"self":[{"href":"https:\/\/artefuneraria.ch\/de\/wp-json\/wp\/v2\/pages\/4115","targetHints":{"allow":["GET"]}}],"collection":[{"href":"https:\/\/artefuneraria.ch\/de\/wp-json\/wp\/v2\/pages"}],"about":[{"href":"https:\/\/artefuneraria.ch\/de\/wp-json\/wp\/v2\/types\/page"}],"author":[{"embeddable":true,"href":"https:\/\/artefuneraria.ch\/de\/wp-json\/wp\/v2\/users\/1"}],"replies":[{"embeddable":true,"href":"https:\/\/artefuneraria.ch\/de\/wp-json\/wp\/v2\/comments?post=4115"}],"version-history":[{"count":3,"href":"https:\/\/artefuneraria.ch\/de\/wp-json\/wp\/v2\/pages\/4115\/revisions"}],"predecessor-version":[{"id":4281,"href":"https:\/\/artefuneraria.ch\/de\/wp-json\/wp\/v2\/pages\/4115\/revisions\/4281"}],"up":[{"embeddable":true,"href":"https:\/\/artefuneraria.ch\/de\/wp-json\/wp\/v2\/pages\/4108"}],"wp:attachment":[{"href":"https:\/\/artefuneraria.ch\/de\/wp-json\/wp\/v2\/media?parent=4115"}],"curies":[{"name":"wp","href":"https:\/\/api.w.org\/{rel}","templated":true}]}}